{"id":28441,"date":"2023-06-09T08:57:28","date_gmt":"2023-06-09T06:57:28","guid":{"rendered":"https:\/\/new-fifth.holarafa.io\/cookies-policy\/"},"modified":"2025-02-04T14:18:52","modified_gmt":"2025-02-04T13:18:52","slug":"politica-de-cookies","status":"publish","type":"page","link":"https:\/\/5thmanagement.com\/es\/politica-de-cookies\/","title":{"rendered":"pol\u00edtica de cookies"},"content":{"rendered":"<p style=\"text-align: left;\"><strong>Que son las Cookies y para que se utilizan<\/strong><\/p>\n<p style=\"text-align: left;\">El acceso a esta Web puede implicar la utilizaci\u00f3n de cookies. Las cookies son peque\u00f1as cantidades de informaci\u00f3n que se almacenan en el navegador utilizado por el usuario para que el servidor recuerde cierta informaci\u00f3n que posteriormente se puede utilizar para el correcto funcionamiento y visualizaci\u00f3n del sitio web por parte del usuario. Las cookies almacenan y recuperan informaci\u00f3n sobre la navegaci\u00f3n de car\u00e1cter t\u00e9cnico, preferencias personales, estad\u00edsticas de uso, enlaces a redes sociales, acceso a cuentas de usuario, etc.<\/p>\n<p style=\"text-align: left;\">Suelen tener una duraci\u00f3n limitada en el tiempo y se pueden utilizar por diferentes razones: para garantizar al usuario que tenga una experiencia personalizada en funci\u00f3n de su configuraci\u00f3n y mostrarle un contenido personalizado, conocer la localizaci\u00f3n geogr\u00e1fica desde la que se conecta el usuario, saber qu\u00e9 idioma prefiere o para poder mantener la sesi\u00f3n del usuario. La informaci\u00f3n de cada visita puede utilizarse para realizar evaluaciones estad\u00edsticas y conocer el n\u00famero de visitas realizadas, medir la audiencia, conocer las \u00e1reas m\u00e1s visitadas o los contenidos que resultan m\u00e1s interesantes, o para garantizar la continuidad del servicio.<\/p>\n<p style=\"text-align: left;\">Ninguna cookie permite que pueda conectarse con su direcci\u00f3n de correo electr\u00f3nico o con cualquier otro medio de contacto (act\u00faan de manera an\u00f3nima).<\/p>\n<p style=\"text-align: left;\">Si no desea recibir cookies puede cambiar la configuraci\u00f3n de su navegador. Tambi\u00e9n puede borrar las ya instaladas. Las cookies utilizadas en este sitio Web quedan excluidas del \u00e1mbito de aplicaci\u00f3n del art\u00edculo 22.2. de la LSSI (Ley 34\/2002, de 11 de julio, de servicios de la sociedad de la informaci\u00f3n y de comercio electr\u00f3nico), y, por lo tanto, no se precisa del consentimiento del usuario. Si usa este sitio Web sin cambiar la configuraci\u00f3n del navegador, deduciremos que desea recibir estas cookies de este sitio web.<\/p>\n<p style=\"text-align: left;\">\n<p style=\"text-align: left;\"><strong>Cookies utilizadas en este sitio Web y su finalidad<\/strong><\/p>\n<p style=\"text-align: left;\"><em>Cookies de sesi\u00f3n<\/em>: Son un tipo de cookies dise\u00f1adas para recabar y almacenar datos mientras el usuario accede a una p\u00e1gina web. Se suelen emplear para almacenar informaci\u00f3n que s\u00f3lo interesa conservar para la prestaci\u00f3n del servicio solicitado por el usuario en una sola ocasi\u00f3n.<\/p>\n<p style=\"text-align: left;\"><em>Cookies persistentes<\/em>: Son un tipo de cookies en el que los datos siguen almacenados en el terminal y pueden ser accedidos y tratados durante un periodo definido por el responsable de la cookie, y que puede ir de unos minutos a varios a\u00f1os.<\/p>\n<p style=\"text-align: left;\"><em>Cookies t\u00e9cnicas<\/em>: Son aqu\u00e9llas que permiten al usuario la navegaci\u00f3n a trav\u00e9s de una p\u00e1gina web, plataforma o aplicaci\u00f3n y la utilizaci\u00f3n de las diferentes opciones o servicios que en ella existan como, por ejemplo, controlar el tr\u00e1fico y la comunicaci\u00f3n de datos, identificar la sesi\u00f3n, acceder a partes de acceso restringido, recordar los elementos que integran un pedido, realizar el proceso de compra de un pedido, realizar la solicitud de inscripci\u00f3n o participaci\u00f3n en un evento, utilizar elementos de seguridad durante la navegaci\u00f3n, almacenar contenidos para la difusi\u00f3n de videos o sonido o compartir contenidos a trav\u00e9s de redes sociales.<\/p>\n<p style=\"text-align: left;\"><em>Cookies de an\u00e1lisis<\/em>: Son aqu\u00e9llas que permiten al responsable de las mismas, el seguimiento y an\u00e1lisis del comportamiento de los usuarios de los sitios web a los que est\u00e1n vinculadas. La informaci\u00f3n recogida mediante este tipo de cookies se utiliza en la medici\u00f3n de la actividad de los sitios web, aplicaci\u00f3n o plataforma y para la elaboraci\u00f3n de perfiles de navegaci\u00f3n de los usuarios de dichos sitios, aplicaciones y plataformas, con el fin de introducir mejoras en funci\u00f3n del an\u00e1lisis de los datos de uso que hacen los usuarios del servicio.<\/p>\n<p style=\"text-align: left;\">\n<p style=\"text-align: left;\">A continuaci\u00f3n ponemos a su disposici\u00f3n los links para deshabilitar las cookies en cada navegador siguiendo sus instrucciones:<\/p>\n<p style=\"text-align: left;\">Internet Explorer: <a href=\"http:\/\/support.microsoft.com\/kb\/196955\" target=\"_blank\" rel=\"noopener\">http:\/\/support.microsoft.com\/kb\/196955<\/a><\/p>\n<p style=\"text-align: left;\">Mozilla Firefox: <a href=\"http:\/\/support.mozilla.org\/en-US\/kb\/cookies-information-websites-store-on-your-\" target=\"_blank\" rel=\"noopener\">http:\/\/support.mozilla.org\/en-US\/kb\/cookies-information-websites-store-on-your-<\/a>\u00a0\u00a0 <u>computer?redirectlocale=en-US&amp;redirectslug=Cookies<\/u><\/p>\n<p style=\"text-align: left;\">Google Chrome: <u>https:\/\/support.google.com\/chrome\/answer\/95647?hl=en<\/u><\/p>\n<p style=\"text-align: left;\">Safari 5.1: <a href=\"http:\/\/support.apple.com\/kb\/PH5042\" target=\"_blank\" rel=\"noopener\">http:\/\/support.apple.com\/kb\/PH5042<\/a><\/p>\n<p style=\"text-align: left;\">Para obtener m\u00e1s informaci\u00f3n acerca de las cookies, incluyendo ver c\u00f3mo funcionan las cookies y c\u00f3mo gestionar y borrarlas, visite <a href=\"http:\/\/www.aboutcookies.org\/\" target=\"_blank\" rel=\"noopener\">www.aboutcookies.org<\/a> o <a href=\"http:\/\/www.allaboutcookies.org\/\" target=\"_blank\" rel=\"noopener\">www.allaboutcookies.org<\/a> (webs en ingl\u00e9s).<\/p>\n<p style=\"text-align: left;\">\n<p style=\"text-align: left;\">\n","protected":false},"excerpt":{"rendered":"<p>Que son las Cookies y para que se utilizan El acceso a esta Web puede implicar la utilizaci\u00f3n de cookies. Las cookies son peque\u00f1as cantidades de informaci\u00f3n que se almacenan en el navegador utilizado por el usuario para que el servidor recuerde cierta informaci\u00f3n que posteriormente se puede utilizar para el correcto funcionamiento y visualizaci\u00f3n [&hellip;]<\/p>\n","protected":false},"author":3,"featured_media":0,"parent":0,"menu_order":0,"comment_status":"closed","ping_status":"closed","template":"page-legal.php","meta":{"_acf_changed":false,"footnotes":""},"class_list":["post-28441","page","type-page","status-publish","hentry"],"acf":[],"_links":{"self":[{"href":"https:\/\/5thmanagement.com\/es\/wp-json\/wp\/v2\/pages\/28441","targetHints":{"allow":["GET"]}}],"collection":[{"href":"https:\/\/5thmanagement.com\/es\/wp-json\/wp\/v2\/pages"}],"about":[{"href":"https:\/\/5thmanagement.com\/es\/wp-json\/wp\/v2\/types\/page"}],"author":[{"embeddable":true,"href":"https:\/\/5thmanagement.com\/es\/wp-json\/wp\/v2\/users\/3"}],"replies":[{"embeddable":true,"href":"https:\/\/5thmanagement.com\/es\/wp-json\/wp\/v2\/comments?post=28441"}],"version-history":[{"count":3,"href":"https:\/\/5thmanagement.com\/es\/wp-json\/wp\/v2\/pages\/28441\/revisions"}],"predecessor-version":[{"id":61286,"href":"https:\/\/5thmanagement.com\/es\/wp-json\/wp\/v2\/pages\/28441\/revisions\/61286"}],"wp:attachment":[{"href":"https:\/\/5thmanagement.com\/es\/wp-json\/wp\/v2\/media?parent=28441"}],"curies":[{"name":"wp","href":"https:\/\/api.w.org\/{rel}","templated":true}]}}