{"id":28446,"date":"2023-05-22T06:41:38","date_gmt":"2023-05-22T04:41:38","guid":{"rendered":"https:\/\/new-fifth.holarafa.io\/privacy-policy\/"},"modified":"2025-02-06T11:33:20","modified_gmt":"2025-02-06T10:33:20","slug":"politica-de-privacidad","status":"publish","type":"page","link":"https:\/\/5thmanagement.com\/es\/politica-de-privacidad\/","title":{"rendered":"pol\u00edtica de privacidad"},"content":{"rendered":"\r\n<p><strong>Qui\u00e9nes somos<\/strong><\/p>\r\n\r\n\r\n\r\n<p>La direcci\u00f3n de nuestra web es: www.5thmanagement.com<\/p>\r\n\r\n\r\n\r\n<p><strong>Introducci\u00f3n<\/strong><\/p>\r\n<p><strong>\u00a0<\/strong>La presente Pol\u00edtica de Protecci\u00f3n de datos regula el tratamiento de datos personales facilitados por el Usuario a trav\u00e9s del portal de Internet que 5TH AVE. MODEL MANAGEMENT, S.L., pone a disposici\u00f3n de los usuarios de Internet. La presente Pol\u00edtica forma parte integrante del Aviso Legal accesible en todo momento desde la Web.<\/p>\r\n<p>El Usuario garantiza que los datos aportados son verdaderos, exactos, completos y actualizados, siendo responsable de cualquier da\u00f1o o perjuicio, directo o indirecto, que pudiera ocasionarse como consecuencia del incumplimiento de tal obligaci\u00f3n. En el caso de que los datos aportados pertenecieran a un tercero, el Usuario garantiza que ha informado a dicho tercero de los aspectos contenidos en este documento y obtenido su autorizaci\u00f3n para facilitar sus datos a 5TH AVE. MODEL MANAGEMENT para los fines se\u00f1alados.<\/p>\r\n<p>La Web de 5TH AVE. MODEL MANAGEMENT puede ofrecer funcionalidades para compartir contenidos a trav\u00e9s de aplicaciones de terceros, como Facebook, Twitter, Instagram, etc. Estas aplicaciones o redes sociales pueden recoger y tratar informaci\u00f3n relacionada con la navegaci\u00f3n del usuario en los diferentes sitios webs. Cualquier informaci\u00f3n personal que se recabada a trav\u00e9s de estas aplicaciones, puede ser utilizada por terceros usuarios de las mismas, y sus interacciones est\u00e1n sometidas a las pol\u00edticas de privacidad de las compa\u00f1\u00edas que facilitan las aplicaciones.<\/p>\r\n<p>De conformidad con lo que dispone el Reglamento 2016\/679, del Parlamento Europeo y del Consejo, de 27 de abril de 2016, y por la Ley 34\/2002, de 11 de julio, de Servicios de la Sociedad de la Informaci\u00f3n y del Comercio Electr\u00f3nico (LSSICE), 5TH AVE. MODEL MANAGEMENT le informa de que tiene implementadas las medidas de seguridad necesarias, de \u00edndole t\u00e9cnica y organizativas, para garantizar y proteger la confidencialidad, integridad y disponibilidad de los datos introducidos.<\/p>\r\n<p>&nbsp;<\/p>\r\n<p><strong>\u00bfQui\u00e9n es el responsable del tratamiento de los datos personales del Usuario?<\/strong><\/p>\r\n<p><strong>\u00a0<\/strong>El responsable del tratamiento de los datos de los Usuarios es:<\/p>\r\n<p>5TH AVE. MODEL MANAGMENT, S.L., (en adelante 5TH AVE. MODEL)<\/p>\r\n<p>B64973043<\/p>\r\n<p>Carrer de Llull 51, \u00c1tic 4rt , Sant Mart\u00ed, 08005 , Barcelona\u00a0 <b><\/b><\/p>\r\n<p>El Delegado de Protecci\u00f3n de Datos es: Interforo Abogados<\/p>\r\n<p>Carrer Roger de LLuria, 118, Barcelona <a href=\"http:\/\/www.interforo.com\/\" target=\"_blank\" rel=\"noopener\">www.interforo.com<\/a><\/p>\r\n<p><strong>\u00bfCon qu\u00e9 finalidad tratamos los datos personales del Usuario?<\/strong><\/p>\r\n<p><strong>\u00a0<\/strong>Sus datos personales s\u00f3lo se utilizar\u00e1n para las siguientes finalidades:<\/p>\r\n<ul>\r\n<li>Para la prestaci\u00f3n de los servicios y\/o productos contratados o suscritos por el<\/li>\r\n<li>Utilizaci\u00f3n de sus datos para contactarle, tanto por v\u00eda electr\u00f3nica como no electr\u00f3nica, para obtener su opini\u00f3n sobre el servicio prestado,<\/li>\r\n<li>Realizar las gestiones comerciales y administrativas necesarias con los usuarios de la web;<\/li>\r\n<li>Remitir las comunicaciones comerciales publicitarias por email, fax, comunidades sociales o cualquiera otro medio electr\u00f3nico o f\u00edsico, en caso de que el Usuario haya consentido expresamente al env\u00edo de comunicaciones comerciales por v\u00eda electr\u00f3nica mediante la suscripci\u00f3n de la NEWSLETTER.<\/li>\r\n<li>Notificarle cambios, desarrollos importantes de la pol\u00edtica de privacidad, aviso legal o pol\u00edtica de cookies.<\/li>\r\n<li>Se realizar\u00e1n an\u00e1lisis de perfiles y de<\/li>\r\n<li>Los datos de clientes y\/o de proveedores ser\u00e1n tratados, dentro de la relaci\u00f3n contractual que les vincula con el responsable, en cumplimiento de las obligaciones administrativas, fiscales, contables y laborales que sean necesarias en virtud de la legislaci\u00f3n vigente.<\/li>\r\n<\/ul>\r\n<p>Puede revocar en cualquier momento su consentimiento remitiendo un escrito con el asunto \u201cBaja\u201d a <a href=\"mailto:info@5thmodels.com\">info@5thmanagement.com<\/a><\/p>\r\n<p>De acuerdo con la LSSICE, 5TH AVE. MODEL no realiza pr\u00e1cticas de SPAM, por lo tanto, no env\u00eda correos comerciales por e-mail que no hayan sido previamente solicitados o autorizados por el Usuario. En consecuencia, en todas las comunicaciones que recibir\u00e1 de 5TH AVE. MODEL, el usuario tiene la posibilidad de cancelar su consentimiento expreso para recibir nuestras comunicaciones.<\/p>\r\n<p>No trataremos sus datos personales para ninguna otra finalidad de las descritas salvo por obligaci\u00f3n legal o requerimiento judicial.<\/p>\r\n<p><strong>\u00bfPor cu\u00e1nto tiempo conservaremos los datos personales del Usuario?<\/strong><\/p>\r\n<p>5TH AVE. MODEL conservar\u00e1 los datos personales de los usuarios \u00fanicamente durante el plazo de la relaci\u00f3n comercial o el tiempo necesario para la realizaci\u00f3n de las finalidades para las que fueron recogidos, mientras no ejercite su derecho de cancelaci\u00f3n u oposici\u00f3n, o limitaci\u00f3n al tratamiento o revoque los consentimientos otorgados. Posteriormente, en caso de ser necesario, mantendr\u00e1 la informaci\u00f3n bloqueada los plazos legalmente establecidos, en todo caso, 3 a\u00f1os o el plazo establecido por ley para cualquier acci\u00f3n que pueda devenir del tratamiento.<\/p>\r\n<p>No ser\u00e1 objeto de decisiones basadas en tratamientos automatizados que produzcan efectos sobre sus datos.<\/p>\r\n<p><strong>\u00bfCu\u00e1l es la legitimaci\u00f3n para el tratamiento de los datos personales del Usuario?<\/strong><\/p>\r\n<p><strong>\u00a0<\/strong>La base legal para el tratamiento de los datos es la legitimaci\u00f3n por consentimiento del Usuario o porque el tratamiento de sus datos sea necesario para la gesti\u00f3n y mantenimiento de un contrato suscrito con usted; igualmente, el tratamiento de sus datos puede ser necesario para cumplir con nuestras obligaciones legales y finalmente, podemos utilizar sus datos para conseguir un inter\u00e9s leg\u00edtimo, como poder contactar con el usuario y ofrecerles productos y servicios que puedan ser de su inter\u00e9s.<\/p>\r\n<p>5TH AVE. MODEL MANAGEMENT, S.L., como responsable del Sitio web, de conformidad con lo que dispone el Reglamento (UE) 2016\/679 de 27 de abril de 2016 relativo a la protecci\u00f3n de las personas f\u00edsicas en cuanto al tratamiento de datos personales y a la libre circulaci\u00f3n de estos datos y dem\u00e1s normativa vigente en materia de protecci\u00f3n de datos personales, y por la Ley 34\/2002, de 11 de julio, de Servicios de la Sociedad de la Informaci\u00f3n y del Comercio Electr\u00f3nico (LSSICE), le informa de que tiene implementadas las medidas de seguridad necesarias, de \u00edndole t\u00e9cnica y organizativas, para garantizar y proteger la confidencialidad, integridad y disponibilidad de los datos introducidos.<\/p>\r\n<p><strong>Comunicaciones<\/strong><\/p>\r\n<p>Cualquier comunicaci\u00f3n remitida quedar\u00e1 incorporada a los sistemas de informaci\u00f3n de 5TH AVE. MODEL. Al aceptar las presentes condiciones, t\u00e9rminos y pol\u00edticas, el Usuario consiente expresamente a que 5TH AVE. MODEL realice las siguientes actividades y\/o acciones, salvo que el Usuario indique lo contrario:<\/p>\r\n<ul>\r\n<li>El env\u00edo de comunicaciones comerciales y\/o promocionales por cualquier medio habilitado informando a los Usuarios de las actividades, servicios, promociones, publicidad, noticias, ofertas y dem\u00e1s informaci\u00f3n sobre los servicios y productos relacionados con la actividad.<\/li>\r\n<li>En caso de que el Usuario haya consentido expresamente al env\u00edo de comunicaciones comerciales por v\u00eda electr\u00f3nica mediante la suscripci\u00f3n de la NEWSLETTER, el env\u00edo de dichas comunicaciones por medios electr\u00f3nicos informando a los Usuarios de las actividades, servicios, promociones, publicidad, noticias, ofertas y dem\u00e1s informaci\u00f3n sobre los servicios y productos de 5TH AVE. MODEL iguales o similares a los que fueron inicialmente objeto de contrataci\u00f3n o de inter\u00e9s por el<\/li>\r\n<li>La conservaci\u00f3n de los datos durante los plazos previstos en las disposiciones<\/li>\r\n<\/ul>\r\n<p>Se informa al usuario que los medios habilitados por la empresa para comunicarse con clientes y otros afectados son el tel\u00e9fono corporativo, el fax y el correo electr\u00f3nico corporativo.<\/p>\r\n<p>Si Vd. remite informaci\u00f3n personal a trav\u00e9s un medio de comunicaci\u00f3n distinto a los indicados en este apartado, la EMPRESA quedar\u00e1 exenta de responsabilidad en relaci\u00f3n con las medidas de seguridad que disponga el medio en cuesti\u00f3n.<\/p>\r\n<p>No se ceder\u00e1n sus datos personales a terceros, salvo obligaci\u00f3n legal o requerimiento judicial.<\/p>\r\n<p><strong>EDAD M\u00cdNIMA<\/strong><\/p>\r\n<p>No recopilaremos ni utilizaremos conscientemente datos personales de menores de diecis\u00e9is<\/p>\r\n<p>(16) a\u00f1os, o cualquier otro l\u00edmite de edad establecido por la legislaci\u00f3n de su pa\u00eds de residencia. Al registrarse en el sitio web, usted confirma que ha alcanzado la mayor\u00eda de edad en su pa\u00eds de residencia.<\/p>\r\n<p>\u00bfCu\u00e1les son los derechos de los Usuarios?<\/p>\r\n<p><strong>Derechos de los interesados<\/strong><\/p>\r\n<p><strong>\u00a0<\/strong>5TH AVE MODEL MANAGEMENT , S.L. informa a los Usuarios que, podr\u00e1 ejercer los derechos de acceso, rectificaci\u00f3n, limitaci\u00f3n, supresi\u00f3n, portabilidad y oposici\u00f3n al tratamiento de sus datos de car\u00e1cter personal ante el Responsable del Tratamiento, as\u00ed como a la retirada del consentimiento prestado.<\/p>\r\n<ul>\r\n<li>Derecho de Acceso: Es el derecho del usuario a obtener informaci\u00f3n sobre sus datos concretos de car\u00e1cter personal y del tratamiento que se haya realizado o realice, as\u00ed como de la informaci\u00f3n<\/li>\r\n<\/ul>\r\n<p>disponible sobre el origen de dichos datos y las comunicaciones realizadas o previstas de los mismos.<\/p>\r\n<ul>\r\n<li>Derecho de Rectificaci\u00f3n: Es el derecho del afectado a que se modifiquen los datos que resulten ser inexactos o S\u00f3lo podr\u00e1 satisfacerse en relaci\u00f3n a aquella informaci\u00f3n que se encuentre bajo el control de 5TH AVE MODEL MANAGEMENT , S.L., por ejemplo, eliminar comentarios publicados en la propia p\u00e1gina, im\u00e1genes o contenidos web donde consten datos de car\u00e1cter personal del usuario.<\/li>\r\n<li>Derecho a la Limitaci\u00f3n de tratamiento: Es el derecho a que se limiten los fines del tratamiento previstos de forma original por el responsable del<\/li>\r\n<li>Derecho de Supresi\u00f3n: Es el derecho a suprimir los datos de car\u00e1cter personal del usuario, a excepci\u00f3n de lo previsto en el propio RGPD o en otras normativas aplicables que determinen la obligatoriedad de la conservaci\u00f3n de los mismos, en tiempo y forma.<\/li>\r\n<li>Derecho de portabilidad: El derecho a recibir los datos personales que el usuario, haya facilitado, en un formato estructurado, de uso com\u00fan y lectura mec\u00e1nica, y a transmitirlos a otro responsable.<\/li>\r\n<li>Derecho de Oposici\u00f3n: Es el derecho del usuario a que no se lleve a cabo el tratamiento de sus datos de car\u00e1cter personal o se cese el tratamiento de los mismos por parte de 5TH AVE MODELMANAGEMENT , S.L..<\/li>\r\n<\/ul>\r\n<p>Para poder ejercer cualquiera de los derechos descritos anteriormente deber\u00e1 cumplir con los siguientes requisitos:<\/p>\r\n<ul>\r\n<li>Presentaci\u00f3n de un escrito a la direcci\u00f3n BALMES 278 2O2A LOCAL 21 08006, BARCELONA (a la atenci\u00f3n de 5TH AVE MODEL MANAGEMENT , L.) o bien a trav\u00e9s de correo electr\u00f3nico a <a href=\"mailto:info@5thmodels.com\">info@5thmanagement.com<\/a><\/li>\r\n<li>El escrito remitido por el titular de los datos que solicite el ejercicio deber\u00e1 de cumplir los siguientes requisitos legales: o Nombre, apellidos del interesado y copia del DNI\/NIE o cualquier documento identificativo.<\/li>\r\n<\/ul>\r\n<p>Informaci\u00f3n adicional Informaci\u00f3n obtenida.<\/p>\r\n<p>Los datos recogidos por parte del responsable son los siguientes:<\/p>\r\n<ul>\r\n<li>Los que los usuarios suministren a trav\u00e9s de los diferentes formularios, contratos, hojas de encargo, etc. suscritos entre 5TH MODEL y el Usuario para la prestaci\u00f3n de los servicios.<\/li>\r\n<li>Los suministrados por los usuarios a trav\u00e9s de los diferentes servicios ofrecidos en la p\u00e1gina web.<\/li>\r\n<li>Los que se hayan incluido en los diferentes formularios previstos en la p\u00e1gina<\/li>\r\n<\/ul>\r\n<p>Le informamos que las fotograf\u00edas que est\u00e9n colgadas en la web son propiedad de 5TH AVE. MODEL, incluyendo las de los menores, en las que, para la obtenci\u00f3n de estas, se ha obtenido el consentimiento previo de los padres, tutores o representantes legales mediante la firma de los formularios realizados al efecto por los centros en los cuales los menores forman parte. De conformidad con el art\u00edculo 2.2 de la Ley Org\u00e1nica 1\/1982, de 5 de Mayo, que regula el Derecho al Honor, a la Intimidad Personal y Familiar y a la propia Imagen, no se apreciar\u00e1 la existencia de intromisi\u00f3n ileg\u00edtima en el \u00e1mbito protegido cuando el titular otorgue su consentimiento.<\/p>\r\n<p><strong>Redes sociales<\/strong><\/p>\r\n<p><strong>\u00a0<\/strong>Le informamos que 5TH AVE. MODEL puede tener presencia en redes sociales. El tratamiento de los datos que se lleve a cabo de las personas que se hagan seguidoras en las redes sociales (y\/o realicen cualquier v\u00ednculo o acci\u00f3n de conexi\u00f3n a trav\u00e9s de las redes sociales) de las p\u00e1ginas oficiales de 5TH AVE. MODEL se regir\u00e1 por este apartado, as\u00ed como por aquellas condiciones de uso, pol\u00edticas de privacidad y normativas de acceso que pertenezcan a la red social que proceda en cada caso y aceptadas previamente por el usuario.<\/p>\r\n<p>5TH AVE. MODEL tratar\u00e1 sus datos con las finalidades de administrar correctamente su presencia en la red social, inform\u00e1ndole de actividades, productos o servicios del prestador, as\u00ed como para cualquier otra finalidad que las normativas de las Redes Sociales permitan.<\/p>\r\n<p>Queda prohibida la publicaci\u00f3n de contenidos:<\/p>\r\n<ul>\r\n<li>Que sean presuntamente il\u00edcitos por la normativa nacional, comunitaria o internacional o que realicen actividades presuntamente il\u00edcitas o contravengan los principios de la buena fe.<\/li>\r\n<li>Que atenten contra los derechos fundamentales de las personas, falten a la cortes\u00eda en la red, molesten o puedan generar opiniones negativas en nuestros usuarios o terceros y en general cualesquiera sean los contenidos que 5TH AVE. MODEL considere<\/li>\r\n<li>Y en general que contravengan los principios de legalidad, honradez, responsabilidad, protecci\u00f3n de la dignidad humana, protecci\u00f3n de menores, protecci\u00f3n del orden p\u00fablico, la protecci\u00f3n de la vida privada, la protecci\u00f3n del consumidor y los derechos de propiedad intelectual e industrial.<\/li>\r\n<\/ul>\r\n<p>&nbsp;<\/p>\r\n<p>Asimismo, 5TH AVE. MODEL se reserva la potestad de retirar, sin previo aviso del sitio web o de la red social corporativa aquellos contenidos que se consideren inapropiados.<\/p>\r\n<p>Las comunicaciones remitidas a trav\u00e9s de las redes sociales ser\u00e1n incorporadas a un archivo propiedad de 5TH AVE. MODEL, pudi\u00e9ndole enviar informaci\u00f3n de su inter\u00e9s.<\/p>\r\n<p>Puede acceder a m\u00e1s informaci\u00f3n en la presente pol\u00edtica de privacidad.<\/p>\r\n<p>En todo caso, si Vd. remite informaci\u00f3n personal a trav\u00e9s de la red social, 5TH AVE. MODEL quedar\u00e1 exento de responsabilidad en relaci\u00f3n con las medidas de seguridad aplicables a la presente plataforma, debiendo el usuario en caso de querer conocerlas, consultar las correspondientes condiciones particulares de la red en cuesti\u00f3n.<\/p>\r\n<p><strong>Medidas de seguridad<\/strong><\/p>\r\n<p><strong>\u00a0<\/strong>Los datos que nos facilite se tratar\u00e1n de forma confidencial. El Prestador ha adoptado todas las medidas t\u00e9cnicas y organizativas y todos los niveles de protecci\u00f3n necesarios para garantizar la seguridad en el tratamiento de los datos y evitar su alteraci\u00f3n, p\u00e9rdida, robo, tratamiento o acceso no autorizado, de acuerdo el estado de la tecnolog\u00eda y naturaleza de los datos almacenados. As\u00ed mismo, se garantiza tambi\u00e9n que el tratamiento y registro en ficheros, programas, sistemas o equipos, locales y centros cumplen con los requisitos y condiciones de integridad y seguridad establecidas en la normativa vigente.<\/p>\r\n<p><strong>Cambios a la pol\u00edtica de privacidad<\/strong><\/p>\r\n<p><strong>\u00a0<\/strong>5 TH AVE. MODEL MANAGEMENT SL se reserva el derecho a modificar la presente pol\u00edtica para adaptarla a novedades legislativas o jurisprudenciales.<\/p>\r\n","protected":false},"excerpt":{"rendered":"<p>Qui\u00e9nes somos La direcci\u00f3n de nuestra web es: www.5thmanagement.com Introducci\u00f3n \u00a0La presente Pol\u00edtica de Protecci\u00f3n de datos regula el tratamiento de datos personales facilitados por el Usuario a trav\u00e9s del portal de Internet que 5TH AVE. MODEL MANAGEMENT, S.L., pone a disposici\u00f3n de los usuarios de Internet. La presente Pol\u00edtica forma parte integrante del Aviso [&hellip;]<\/p>\n","protected":false},"author":3,"featured_media":0,"parent":0,"menu_order":0,"comment_status":"closed","ping_status":"open","template":"page-legal.php","meta":{"_acf_changed":false,"footnotes":""},"class_list":["post-28446","page","type-page","status-publish","hentry"],"acf":[],"_links":{"self":[{"href":"https:\/\/5thmanagement.com\/es\/wp-json\/wp\/v2\/pages\/28446","targetHints":{"allow":["GET"]}}],"collection":[{"href":"https:\/\/5thmanagement.com\/es\/wp-json\/wp\/v2\/pages"}],"about":[{"href":"https:\/\/5thmanagement.com\/es\/wp-json\/wp\/v2\/types\/page"}],"author":[{"embeddable":true,"href":"https:\/\/5thmanagement.com\/es\/wp-json\/wp\/v2\/users\/3"}],"replies":[{"embeddable":true,"href":"https:\/\/5thmanagement.com\/es\/wp-json\/wp\/v2\/comments?post=28446"}],"version-history":[{"count":4,"href":"https:\/\/5thmanagement.com\/es\/wp-json\/wp\/v2\/pages\/28446\/revisions"}],"predecessor-version":[{"id":61447,"href":"https:\/\/5thmanagement.com\/es\/wp-json\/wp\/v2\/pages\/28446\/revisions\/61447"}],"wp:attachment":[{"href":"https:\/\/5thmanagement.com\/es\/wp-json\/wp\/v2\/media?parent=28446"}],"curies":[{"name":"wp","href":"https:\/\/api.w.org\/{rel}","templated":true}]}}