{"id":28447,"date":"2023-06-09T08:57:36","date_gmt":"2023-06-09T06:57:36","guid":{"rendered":"https:\/\/new-fifth.holarafa.io\/terms-and-conditions\/"},"modified":"2025-02-06T11:32:58","modified_gmt":"2025-02-06T10:32:58","slug":"terminos-y-condiciones","status":"publish","type":"page","link":"https:\/\/5thmanagement.com\/es\/terminos-y-condiciones\/","title":{"rendered":"t\u00e9rminos y condiciones"},"content":{"rendered":"<p>Informaci\u00f3n general sobre<strong> www.5thmanagement.com<\/strong>\u00a0(en adelante, el sitio web)<\/p>\n<p>De acuerdo con el deber de informaci\u00f3n exigido en la Ley 34\/2002, de 11 de julio, de Servicios<br \/>\nde la Sociedad de la Informaci\u00f3n y Comercio Electr\u00f3nico, se detallan a continuaci\u00f3n los datos<br \/>\nde informaci\u00f3n general del sitio web.<br \/>\nEl sitio web y su contenido son propiedad de 5TH AVE. MODEL MANAGEMENT, S.L., con CIF<br \/>\nB64973043 y domicilio en Calle Llull, 51 , \u00c1tico 4rt, San Mart\u00ed, 08005 Barcelona , inscrita en el Registro Mercantil de Barcelona, al tomo 40.837, folio 84, hoja B-376.853.<br \/>\nPueden ponerse en contacto con nosotros en el domicilio rese\u00f1ado, llamando al tel\u00e9fono 934 181 252 o enviando un correo electr\u00f3nico a info@5thmanagement.com<\/p>\n<p><strong>T\u00e9rminos y condiciones de uso<\/strong><\/p>\n<p>El acceso, navegaci\u00f3n y utilizaci\u00f3n de este sitio web atribuye al visitante la condici\u00f3n de<br \/>\nUsuario del mismo e implica la aceptaci\u00f3n del Aviso Legal vigente y publicado en cada<br \/>\nmomento. Ello supone que el Usuario acepta las condiciones de uso vigentes en cada<br \/>\nmomento y se compromete a hacer un uso adecuado de los contenidos del sitio web y a<br \/>\nobservar y cumplir rigurosamente cuanto se disponga en este aviso y en las normas que sean<br \/>\nde aplicaci\u00f3n.<br \/>\nAsimismo el Usuario se compromete a:<br \/>\n1. Suministrar informaci\u00f3n veraz sobre los datos de registro y a mantenerlos<br \/>\nactualizados;<br \/>\n2. No difundir contenidos contrarios a la ley o a la dignidad de la persona; que sean<br \/>\ndiscriminatorios por raz\u00f3n de nacimiento, raza, sexo, religi\u00f3n, opini\u00f3n o cualquier otra<br \/>\ncondici\u00f3n o circunstancia personal o social; o que, de cualquier modo, sean contrarios<br \/>\na la ley y al orden p\u00fablico;<br \/>\n3. Cualesquiera otros que, a juicio de 5TH AVE. MODEL MANAGEMENT, S.L., sean<br \/>\ninadecuados para su publicaci\u00f3n.<br \/>\nPor tanto toda la informaci\u00f3n que facilita el Usuario tiene que ser veraz. A estos efectos, el<br \/>\nUsuario garantiza la autenticidad de los datos comunicados a trav\u00e9s de los formularios para la<br \/>\nsuscripci\u00f3n de los servicios prestados por 5TH AVE. MODEL MANAGEMENT, S.L.. Ser\u00e1<br \/>\nresponsabilidad del Usuario mantener toda la informaci\u00f3n facilitada a 5TH AVE. MODEL<br \/>\nMANAGEMENT, S.L. actualizada de forma que responda, en cada momento, a su situaci\u00f3n real.<br \/>\nEn todo caso, el Usuario ser\u00e1 el \u00fanico responsable de las manifestaciones falsas o inexactas<br \/>\nque realice y de los perjuicios que cause al prestador o a terceros.<br \/>\n5TH AVE. MODEL MANAGEMENT, S.L. se reserva el derecho a efectuar las modificaciones que<br \/>\nestime convenientes, a\u00f1adiendo, cambiando o eliminando contenidos o servicios prestados a<br \/>\ntrav\u00e9s del sitio web; as\u00ed como el de retirar cualquier aportaci\u00f3n o comentario que contravenga<br \/>\nlas reglas descritas anteriormente.<br \/>\n5TH AVE. MODEL MANAGEMENT, S.L. no se har\u00e1 responsable en ning\u00fan caso de las opiniones<br \/>\nvertidas por el Usuario a trav\u00e9s de las herramientas de participaci\u00f3n ofrecidas por el sitio web.<br \/>\nEl sitio web requiere que el Usuario se inscriba, registre datos personales o rellene formularios.<br \/>\nEl sitio web ofrece espacios para recibir y responder comentarios u otro sistema para la<br \/>\ninteracci\u00f3n de los Usuarios.<br \/>\nEl Usuario declara, bajo su responsabilidad, ser mayor de edad y disponer de la capacidad<br \/>\nsuficiente para vincularse a las presentes condiciones.<\/p>\n<p><strong>Menores de edad<\/strong><br \/>\nPara el uso de los servicios ofrecidos por 5TH AVE. MODEL MANAGEMENT, S.L., los menores<br \/>\nde edad tienen que obtener siempre previamente el consentimiento de los padres, tutores o<br \/>\nrepresentantes legales, responsables \u00faltimos de todos los actos realizados por los menores a<br \/>\nsu cargo. La responsabilidad en la determinaci\u00f3n de contenidos concretos a los cuales acceden<br \/>\nlos menores corresponde a aquellos, es por eso que, si acceden a contenidos no apropiados<br \/>\npor Internet, se tendr\u00e1n que establecer en sus ordenadores mecanismos, en particular<br \/>\nprogramas inform\u00e1ticos, filtros y bloqueos, que permitan limitar los contenidos disponibles y, a<br \/>\npesar de que no sean infalibles, son de especial utilidad para controlar y restringir los<br \/>\nmateriales a los que pueden acceder los menores.<\/p>\n<p><strong>Pol\u00edtica de privacidad y protecci\u00f3n de datos<\/strong><\/p>\n<p>En cumplimiento de lo dispuesto por el Reglamento 2016\/679, del Parlamento Europeo y del<br \/>\nConsejo, de 27 de abril de 2016, 5TH AVE. MODEL MANAGEMENT, S.L., como responsable del<br \/>\nsitio web, informa a todos los Usuarios que faciliten o vayan a facilitar sus datos personales,<br \/>\nque estos ser\u00e1n objeto de tratamiento que se haya registrado entre las actividades de<br \/>\ntratamiento de 5TH AVE. MODEL MANAGEMENT, S.L. conforme a lo previsto en el art\u00edculo 30<br \/>\ndel RGPD.<br \/>\nEl tratamiento de datos de car\u00e1cter personal que pueda efectuarse a trav\u00e9s del sitio web se<br \/>\nregir\u00e1 por lo establecido en la Pol\u00edtica de Privacidad, accesible en todo momento desde el sitio<br \/>\nweb, siendo parte integrante del presente Aviso Legal.<\/p>\n<p><strong>Pol\u00edtica de cookies<\/strong><br \/>\n5TH AVE. MODEL MANAGEMENT, S.L. por su propia cuenta o la de un tercero contratado para<br \/>\nla prestaci\u00f3n de servicios de medici\u00f3n, puede utilizar cookies cuando un Usuario navega por el<br \/>\nsitio web.<br \/>\nLas cookies son ficheros enviados al navegador por medio de un servidor web para la finalidad<br \/>\nde registrar las actividades del Usuario durante su tiempo de navegaci\u00f3n.<br \/>\nMediante el uso de las cookies, tanto del sitio web como de terceros relacionados con \u00e9ste, es<br \/>\nposible conocer m\u00faltiples detalles de la actividad del Usuario; por ejemplo, el lugar desde el<br \/>\nque accede, el tiempo de conexi\u00f3n, el sistema operativo empleado, las p\u00e1ginas visitadas y<br \/>\notros datos relativos al comportamiento del Usuario en internet (par\u00e1metros del tr\u00e1fico,<br \/>\nn\u00famero de entradas, etc.).<br \/>\nPara m\u00e1s informaci\u00f3n puede acceder a la Pol\u00edtica de Cookies, accesible en todo momento<br \/>\ndesde el sitio web, siendo parte integrante del presente Aviso Legal.<\/p>\n<p><strong>Pol\u00edtica de enlaces<\/strong><br \/>\nEl sitio web puede contener enlaces a otros sitios web con pol\u00edticas de privacidad diferentes a<br \/>\nla de \u00e9ste. 5TH AVE. MODEL MANAGEMENT, S.L. no se hace responsable del contenido o<br \/>\npr\u00e1cticas de los sitios enlazados y se recomienda al Usuario la lectura detallada de la pol\u00edtica<br \/>\nde privacidad de cualquier sitio web al que acceda desde \u00e9ste.<\/p>\n<p><strong>Propiedad intelectual e industrial<\/strong><\/p>\n<p>Este sitio web es propiedad de 5TH AVE. MODEL MANAGEMENT, S.L.<br \/>\nLos derechos de propiedad intelectual e industrial, derechos de explotaci\u00f3n y reproducci\u00f3n de<br \/>\neste sitio web (p\u00e1ginas, pantallas, im\u00e1genes, fotograf\u00edas, informaci\u00f3n y dise\u00f1o, c\u00f3digo fuente,<br \/>\narchivos de audio y software, etc.) son propiedad, han sido cedidos o son objeto de licencia, a<br \/>\nfavor de 5TH AVE. MODEL MANAGEMENT, S.L., salvo que se especifique otra cosa.<br \/>\nLa denominaci\u00f3n, el dise\u00f1o y los logotipos que componen este sitio web son marcas<br \/>\ndebidamente registradas. Su uso indebido podr\u00e1 ser perseguido de conformidad con la<br \/>\nlegislaci\u00f3n vigente.<br \/>\nLa puesta a disposici\u00f3n de los Usuarios de las im\u00e1genes, fotograf\u00edas, dibujos, gr\u00e1ficos, archivos<br \/>\nde texto, audio, v\u00eddeo y software propiedad de 5TH AVE. MODEL MANAGEMENT, S.L. o de sus<br \/>\nproveedores a trav\u00e9s del sitio web o que figuran en el mismo no implica, en ning\u00fan caso, la<br \/>\ncesi\u00f3n de su titularidad o la concesi\u00f3n de un derecho de explotaci\u00f3n a favor del Usuario<br \/>\ndistinto del uso que comporta la utilizaci\u00f3n leg\u00edtima y acorde con la naturaleza del sitio web.<br \/>\nQueda prohibido reproducir, comunicar p\u00fablicamente, distribuir, ceder o transmitir, modificar<br \/>\no suprimir la informaci\u00f3n, contenido u advertencias del sitio web, salvo autorizaci\u00f3n previa,<br \/>\nexpresa y escrita de 5TH AVE. MODEL MANAGEMENT, S.L.<\/p>\n<p><strong>Responsabilidad<\/strong><\/p>\n<p>El acceso al sitio web no implica la obligaci\u00f3n por parte de 5TH AVE. MODEL MANAGEMENT,<br \/>\nS.L. de comprobar la veracidad, exactitud, adecuaci\u00f3n, idoneidad, exhaustividad y actualidad<br \/>\nde los contenidos suministrados a trav\u00e9s del mismo.<br \/>\nEn ning\u00fan caso, 5TH AVE. MODEL MANAGEMENT, S.L., ser\u00e1 responsable de cualquier tipo de<br \/>\nperjuicio, p\u00e9rdida, reclamaci\u00f3n o gasto de ning\u00fan tipo, tanto si procede como si no del uso del<br \/>\nsitio web, de los contenidos a los que se haya accedido por o a trav\u00e9s de \u00e9sta, de virus<br \/>\ninform\u00e1ticos, de fallos operativos o de interrupciones en el servicio o transmisi\u00f3n, o fallos en la<br \/>\nl\u00ednea; el uso del sitio web, tanto por conexi\u00f3n directa como por v\u00ednculo u otro medio,<br \/>\nconstituye un aviso a cualquier Usuario de que estas posibilidades pueden ocurrir.<br \/>\n5TH AVE. MODEL MANAGEMENT, S.L. ha adoptado pol\u00edticas razonables en relaci\u00f3n con la<br \/>\nseguridad del sitio web, si bien no asume ninguna responsabilidad por los da\u00f1os que puedan<br \/>\ncausarse en los equipos de los Usuarios por posibles virus inform\u00e1ticos contra\u00eddos por el<br \/>\nUsuario a causa de su navegaci\u00f3n en el sitio web, o por cualquier otro da\u00f1o derivado de esa<br \/>\nnavegaci\u00f3n.<br \/>\n5TH AVE. MODEL MANAGEMENT, S.L. no ofrece ninguna garant\u00eda en relaci\u00f3n con la<br \/>\ncontinuidad o ausencia de errores respecto de la informaci\u00f3n accesible a trav\u00e9s del sitio web,<br \/>\nadem\u00e1s de no garantizar la correcci\u00f3n de cualquier defecto o la ausencia de virus y dem\u00e1s<br \/>\ncomponentes da\u00f1inos en el presente sitio web o en el servidor que lo suministra.<\/p>\n<p><strong>Legislaci\u00f3n y fuero aplicable<\/strong><br \/>\nTodas las cuestiones relativas al sitio web se rigen en todos y cada uno de sus extremos por las<br \/>\nLeyes espa\u00f1olas y se someten a la jurisdicci\u00f3n de los Juzgados y Tribunales de Barcelona. Las partes, con expresa renuncia a su propio fuero, aceptan la legislaci\u00f3n espa\u00f1ola, y se someten<br \/>\npara la resoluci\u00f3n de cuantos litigios pudieran derivarse del mismo a los Juzgados y Tribunales<br \/>\nde Barcelona.<\/p>\n<p>&nbsp;<\/p>\n","protected":false},"excerpt":{"rendered":"<p>Informaci\u00f3n general sobre www.5thmanagement.com\u00a0(en adelante, el sitio web) De acuerdo con el deber de informaci\u00f3n exigido en la Ley 34\/2002, de 11 de julio, de Servicios de la Sociedad de la Informaci\u00f3n y Comercio Electr\u00f3nico, se detallan a continuaci\u00f3n los datos de informaci\u00f3n general del sitio web. El sitio web y su contenido son propiedad [&hellip;]<\/p>\n","protected":false},"author":3,"featured_media":0,"parent":0,"menu_order":1,"comment_status":"closed","ping_status":"closed","template":"page-legal.php","meta":{"_acf_changed":false,"footnotes":""},"class_list":["post-28447","page","type-page","status-publish","hentry"],"acf":[],"_links":{"self":[{"href":"https:\/\/5thmanagement.com\/es\/wp-json\/wp\/v2\/pages\/28447","targetHints":{"allow":["GET"]}}],"collection":[{"href":"https:\/\/5thmanagement.com\/es\/wp-json\/wp\/v2\/pages"}],"about":[{"href":"https:\/\/5thmanagement.com\/es\/wp-json\/wp\/v2\/types\/page"}],"author":[{"embeddable":true,"href":"https:\/\/5thmanagement.com\/es\/wp-json\/wp\/v2\/users\/3"}],"replies":[{"embeddable":true,"href":"https:\/\/5thmanagement.com\/es\/wp-json\/wp\/v2\/comments?post=28447"}],"version-history":[{"count":4,"href":"https:\/\/5thmanagement.com\/es\/wp-json\/wp\/v2\/pages\/28447\/revisions"}],"predecessor-version":[{"id":61446,"href":"https:\/\/5thmanagement.com\/es\/wp-json\/wp\/v2\/pages\/28447\/revisions\/61446"}],"wp:attachment":[{"href":"https:\/\/5thmanagement.com\/es\/wp-json\/wp\/v2\/media?parent=28447"}],"curies":[{"name":"wp","href":"https:\/\/api.w.org\/{rel}","templated":true}]}}